{"id":434,"date":"2019-02-01T16:36:45","date_gmt":"2019-02-01T15:36:45","guid":{"rendered":"https:\/\/bokkerijder.nl\/de\/?page_id=434"},"modified":"2019-02-11T11:34:26","modified_gmt":"2019-02-11T10:34:26","slug":"cookies","status":"publish","type":"page","link":"https:\/\/bokkerijder.nl\/de\/cookies\/","title":{"rendered":"Cookies"},"content":{"rendered":"[vc_row type=&#8220;in_container&#8220; full_screen_row_position=&#8220;middle&#8220; scene_position=&#8220;center&#8220; text_color=&#8220;dark&#8220; text_align=&#8220;left&#8220; top_padding=&#8220;5%&#8220; bottom_padding=&#8220;5%&#8220; overlay_strength=&#8220;0.3&#8243; shape_divider_position=&#8220;bottom&#8220; shape_type=&#8220;&#8220;][vc_column column_padding=&#8220;no-extra-padding&#8220; column_padding_position=&#8220;all&#8220; background_color_opacity=&#8220;1&#8243; background_hover_color_opacity=&#8220;1&#8243; column_shadow=&#8220;none&#8220; column_border_radius=&#8220;none&#8220; width=&#8220;5\/6&#8243; tablet_text_alignment=&#8220;default&#8220; phone_text_alignment=&#8220;default&#8220; column_border_width=&#8220;none&#8220; column_border_style=&#8220;solid&#8220;][vc_column_text]\n<h2>Cookie-Erkl\u00e4rung<\/h2>\n<p>Wir sind gesetzlich verpflichtet, die Erlaubnis zur Verwendung von Cookies und \u00e4hnlichen Techniken einzuholen und die Besucher \u00fcber ihre Verwendung auf der Website zu informieren.<\/p>\n<p>F\u00fcr einige der oben genannten Punkte ist die Aufzeichnung des Besucherverhaltens erforderlich. Dritte k\u00f6nnen diese Cookies auch \u00fcber die Website platzieren, wie dies bei eingebetteten Videos von YouTube der Fall ist.<\/p>\n<p>Wir verwenden Cookies und \u00e4hnliche Techniken f\u00fcr folgende Zwecke:<\/p>\n<ul>\n<li>Optimierung der Website<\/li>\n<li>die Verwendung, Verwaltung und gezielte Anzeige von Anzeigen<\/li>\n<li>die Integration von Social Media<\/li>\n<li>Sammlung und Analyse von Statistiken<\/li>\n<\/ul>\n<h2>&Uuml;bersicht von Cookies<\/h2><p>Cookies sind kleine Textdateien, die ein Webbrowser beim Besuch einer Website auf dem Computer speichert. Diese Cookies werden h&auml;ufig sp&auml;ter erneut gelesen, wenn die Website beispielsweise erneut besucht wird. Cookies dienen mehreren Funktionen, z. B. dem Speichern von Pr&auml;ferenzen, dem Verfolgen des Besucherverhaltens (Webanalyse) und dem Anzeigen von relevanten Anzeigen auf anderen Websites.<\/p><h3>Arten von Cookies, die wir verwenden<\/h3><ol><li>F&uuml;r funktionale Zwecke<\/li><li>F&uuml;r analytische Zwecke<\/li><li>Zur Identifikation und Authentifizierung<\/li><\/ol><h3>1. F&uuml;r funktionale Zwecke<\/h3><p>Wir verwenden diese Art von Cookies, um die Pr&auml;ferenzen der Besucher zu registrieren und zu speichern. Damit m&uuml;ssen Pr&auml;ferenzen nicht immer wieder eingegeben werden, damit die Website einfacher zu bedienen ist.<\/p><h3>2. F&uuml;r analytische Zwecke<\/h3><p>Wir verwenden diese Art von Cookies, um die Nutzung unserer Websites zu analysieren, um deren Funktionalit&auml;t und Wirksamkeit zu verbessern.<\/p><h3>3. Zur Identifikation und Authentifizierung<\/h3><p>Wir verwenden diese Art von Cookies unter anderem, um Personen nach der Interaktion mit unserer Website zu identifizieren. Die Daten, die wir bei einer solchen Interaktion registrieren, werden niemals mit anderen geteilt.<\/p><h2>Alle Cookies auf dieser Site<\/h2><p>Nachfolgend finden Sie eine &Uuml;bersicht &uuml;ber die Cookies, die wir auf jijenboels.nl verwenden. Bitte beachten Sie, dass sich diese Informationen von Zeit zu Zeit &auml;ndern, beispielsweise weil wir unsere Website oder die Regeln f&uuml;r Cookies &auml;ndern. Wir bem&uuml;hen uns, diese Informationen so genau wie m&ouml;glich zu halten, und empfehlen den Besuchern, regelm&auml;&szlig;ig die Cookie-Richtlinien-Seite anzuzeigen. Bei &Auml;nderungen kann beispielsweise immer entschieden werden, ob der Besucher die Cookie-Einstellungen &auml;ndern m&ouml;chte.<\/p><table id=\"cookie-table\" class=\"table table-sm table-bordered\" cellspacing=\"0\" width=\"100%\"><thead><tr><th>Cookie<\/th><th>F&uuml;r<\/th><th>Funktion<\/th><th>Speicherung<\/th><\/tr><\/thead><tbody><tr><td>_ga<\/td><td>Google Analytics<\/td><td>Wird verwendet, um Besucher zu unterscheiden<\/td><td>2 Jahre<\/td><\/tr><tr><td>_gat_ gtag_UA_********_*<\/td><td>Google Analytics<\/td><td>Google Analytics Wird verwendet, um Benutzer zu unterscheiden.<\/td><td>10 Minuten<\/td><\/tr><tr><td>_gid<\/td><td>Google Analytics<\/td><td>Wird verwendet, um Besucher zu unterscheiden<\/td><td>24 Stunden<\/td><\/tr><tr><td>mcacceptcookies<\/td><td>Cookie Notice Plugin<\/td><td>Dient zum Anzeigen von Cookie-Benachrichtigungen auf unserer Website oder nicht.<\/td><td>1 Jahr<\/td><\/tr><\/tbody><\/table><h2>Cookies l&ouml;schen, aktivieren und verwalten<\/h2><p>Die Browsereinstellungen k&ouml;nnen verwendet werden, um Cookies zu entfernen, alle Cookies zuzulassen oder zu blockieren und Pr&auml;ferenzen f&uuml;r bestimmte Websites festzulegen. Weitere Informationen zu diesem Thema finden Sie in der Hilfefunktion des Browsers.<\/p><h2>Abbestellen f&uuml;r bestimmte Cookie-Nutzung<\/h2><p>Einige unserer Lieferanten erm&ouml;glichen Besuchern die Verwendung von Cookies vollst&auml;ndig zu deaktivieren (ein sogenanntes &quot;Opt-out&quot;). Dies umfasst Dienstleistungen wie Webanalyse und Werbeplattformen.<\/p>[\/vc_column_text][nectar_btn size=&#8220;large&#8220; button_style=&#8220;regular&#8220; button_color_2=&#8220;Accent-Color&#8220; icon_family=&#8220;none&#8220; url=&#8220;\/&#8220; text=&#8220;Gehe zu home&#8220; margin_top=&#8220;20&#8243;][\/vc_column][vc_column column_padding=&#8220;no-extra-padding&#8220; column_padding_position=&#8220;all&#8220; background_color_opacity=&#8220;1&#8243; background_hover_color_opacity=&#8220;1&#8243; column_shadow=&#8220;none&#8220; column_border_radius=&#8220;none&#8220; width=&#8220;1\/6&#8243; tablet_text_alignment=&#8220;default&#8220; phone_text_alignment=&#8220;default&#8220; column_border_width=&#8220;none&#8220; column_border_style=&#8220;solid&#8220;][\/vc_column][\/vc_row]\n","protected":false},"excerpt":{"rendered":"<p>[vc_row type=&#8220;in_container&#8220; full_screen_row_position=&#8220;middle&#8220; scene_position=&#8220;center&#8220; text_color=&#8220;dark&#8220; text_align=&#8220;left&#8220; top_padding=&#8220;5%&#8220; bottom_padding=&#8220;5%&#8220; overlay_strength=&#8220;0.3&#8243; shape_divider_position=&#8220;bottom&#8220; shape_type=&#8220;&#8220;][vc_column column_padding=&#8220;no-extra-padding&#8220; column_padding_position=&#8220;all&#8220; background_color_opacity=&#8220;1&#8243; background_hover_color_opacity=&#8220;1&#8243; column_shadow=&#8220;none&#8220; column_border_radius=&#8220;none&#8220; width=&#8220;5\/6&#8243; tablet_text_alignment=&#8220;default&#8220; phone_text_alignment=&#8220;default&#8220; column_border_width=&#8220;none&#8220; column_border_style=&#8220;solid&#8220;][vc_column_text] Cookie-Erkl\u00e4rung Wir sind gesetzlich verpflichtet, die Erlaubnis zur&#8230;<\/p>\n","protected":false},"author":2,"featured_media":0,"parent":0,"menu_order":0,"comment_status":"closed","ping_status":"closed","template":"","meta":{"footnotes":""},"class_list":["post-434","page","type-page","status-publish"],"yoast_head":"<!-- This site is optimized with the Yoast SEO plugin v24.8.1 - https:\/\/yoast.com\/wordpress\/plugins\/seo\/ -->\n<title>Cookies - Restaurant De Bokkerijder<\/title>\n<meta name=\"robots\" content=\"index, follow, max-snippet:-1, max-image-preview:large, max-video-preview:-1\" \/>\n<link rel=\"canonical\" href=\"https:\/\/bokkerijder.nl\/de\/cookies\/\" \/>\n<meta property=\"og:locale\" content=\"de_DE\" \/>\n<meta property=\"og:type\" content=\"article\" \/>\n<meta property=\"og:title\" content=\"Cookies - Restaurant De Bokkerijder\" \/>\n<meta property=\"og:description\" content=\"[vc_row type=&#8220;in_container&#8220; full_screen_row_position=&#8220;middle&#8220; scene_position=&#8220;center&#8220; text_color=&#8220;dark&#8220; text_align=&#8220;left&#8220; top_padding=&#8220;5%&#8220; bottom_padding=&#8220;5%&#8220; overlay_strength=&#8220;0.3&#8243; shape_divider_position=&#8220;bottom&#8220; shape_type=&#8220;&#8220;][vc_column column_padding=&#8220;no-extra-padding&#8220; column_padding_position=&#8220;all&#8220; background_color_opacity=&#8220;1&#8243; background_hover_color_opacity=&#8220;1&#8243; column_shadow=&#8220;none&#8220; column_border_radius=&#8220;none&#8220; width=&#8220;5\/6&#8243; tablet_text_alignment=&#8220;default&#8220; phone_text_alignment=&#8220;default&#8220; column_border_width=&#8220;none&#8220; column_border_style=&#8220;solid&#8220;][vc_column_text] Cookie-Erkl\u00e4rung Wir sind gesetzlich verpflichtet, die Erlaubnis zur...\" \/>\n<meta property=\"og:url\" content=\"https:\/\/bokkerijder.nl\/de\/cookies\/\" \/>\n<meta property=\"og:site_name\" content=\"Restaurant De Bokkerijder\" \/>\n<meta property=\"article:modified_time\" content=\"2019-02-11T10:34:26+00:00\" \/>\n<meta name=\"twitter:card\" content=\"summary_large_image\" \/>\n<meta name=\"twitter:label1\" content=\"Est. reading time\" \/>\n\t<meta name=\"twitter:data1\" content=\"1\u00a0Minute\" \/>\n<script type=\"application\/ld+json\" class=\"yoast-schema-graph\">{\"@context\":\"https:\/\/schema.org\",\"@graph\":[{\"@type\":\"WebPage\",\"@id\":\"https:\/\/bokkerijder.nl\/de\/cookies\/\",\"url\":\"https:\/\/bokkerijder.nl\/de\/cookies\/\",\"name\":\"Cookies - Restaurant De Bokkerijder\",\"isPartOf\":{\"@id\":\"https:\/\/bokkerijder.nl\/de\/#website\"},\"datePublished\":\"2019-02-01T15:36:45+00:00\",\"dateModified\":\"2019-02-11T10:34:26+00:00\",\"breadcrumb\":{\"@id\":\"https:\/\/bokkerijder.nl\/de\/cookies\/#breadcrumb\"},\"inLanguage\":\"de\",\"potentialAction\":[{\"@type\":\"ReadAction\",\"target\":[\"https:\/\/bokkerijder.nl\/de\/cookies\/\"]}]},{\"@type\":\"BreadcrumbList\",\"@id\":\"https:\/\/bokkerijder.nl\/de\/cookies\/#breadcrumb\",\"itemListElement\":[{\"@type\":\"ListItem\",\"position\":1,\"name\":\"Home\",\"item\":\"https:\/\/bokkerijder.nl\/de\/\"},{\"@type\":\"ListItem\",\"position\":2,\"name\":\"Cookies\"}]},{\"@type\":\"WebSite\",\"@id\":\"https:\/\/bokkerijder.nl\/de\/#website\",\"url\":\"https:\/\/bokkerijder.nl\/de\/\",\"name\":\"Restaurant De Bokkerijder\",\"description\":\"\",\"potentialAction\":[{\"@type\":\"SearchAction\",\"target\":{\"@type\":\"EntryPoint\",\"urlTemplate\":\"https:\/\/bokkerijder.nl\/de\/?s={search_term_string}\"},\"query-input\":{\"@type\":\"PropertyValueSpecification\",\"valueRequired\":true,\"valueName\":\"search_term_string\"}}],\"inLanguage\":\"de\"}]}<\/script>\n<!-- \/ Yoast SEO plugin. -->","yoast_head_json":{"title":"Cookies - Restaurant De Bokkerijder","robots":{"index":"index","follow":"follow","max-snippet":"max-snippet:-1","max-image-preview":"max-image-preview:large","max-video-preview":"max-video-preview:-1"},"canonical":"https:\/\/bokkerijder.nl\/de\/cookies\/","og_locale":"de_DE","og_type":"article","og_title":"Cookies - Restaurant De Bokkerijder","og_description":"[vc_row type=&#8220;in_container&#8220; full_screen_row_position=&#8220;middle&#8220; scene_position=&#8220;center&#8220; text_color=&#8220;dark&#8220; text_align=&#8220;left&#8220; top_padding=&#8220;5%&#8220; bottom_padding=&#8220;5%&#8220; overlay_strength=&#8220;0.3&#8243; shape_divider_position=&#8220;bottom&#8220; shape_type=&#8220;&#8220;][vc_column column_padding=&#8220;no-extra-padding&#8220; column_padding_position=&#8220;all&#8220; background_color_opacity=&#8220;1&#8243; background_hover_color_opacity=&#8220;1&#8243; column_shadow=&#8220;none&#8220; column_border_radius=&#8220;none&#8220; width=&#8220;5\/6&#8243; tablet_text_alignment=&#8220;default&#8220; phone_text_alignment=&#8220;default&#8220; column_border_width=&#8220;none&#8220; column_border_style=&#8220;solid&#8220;][vc_column_text] Cookie-Erkl\u00e4rung Wir sind gesetzlich verpflichtet, die Erlaubnis zur...","og_url":"https:\/\/bokkerijder.nl\/de\/cookies\/","og_site_name":"Restaurant De Bokkerijder","article_modified_time":"2019-02-11T10:34:26+00:00","twitter_card":"summary_large_image","twitter_misc":{"Est. reading time":"1\u00a0Minute"},"schema":{"@context":"https:\/\/schema.org","@graph":[{"@type":"WebPage","@id":"https:\/\/bokkerijder.nl\/de\/cookies\/","url":"https:\/\/bokkerijder.nl\/de\/cookies\/","name":"Cookies - Restaurant De Bokkerijder","isPartOf":{"@id":"https:\/\/bokkerijder.nl\/de\/#website"},"datePublished":"2019-02-01T15:36:45+00:00","dateModified":"2019-02-11T10:34:26+00:00","breadcrumb":{"@id":"https:\/\/bokkerijder.nl\/de\/cookies\/#breadcrumb"},"inLanguage":"de","potentialAction":[{"@type":"ReadAction","target":["https:\/\/bokkerijder.nl\/de\/cookies\/"]}]},{"@type":"BreadcrumbList","@id":"https:\/\/bokkerijder.nl\/de\/cookies\/#breadcrumb","itemListElement":[{"@type":"ListItem","position":1,"name":"Home","item":"https:\/\/bokkerijder.nl\/de\/"},{"@type":"ListItem","position":2,"name":"Cookies"}]},{"@type":"WebSite","@id":"https:\/\/bokkerijder.nl\/de\/#website","url":"https:\/\/bokkerijder.nl\/de\/","name":"Restaurant De Bokkerijder","description":"","potentialAction":[{"@type":"SearchAction","target":{"@type":"EntryPoint","urlTemplate":"https:\/\/bokkerijder.nl\/de\/?s={search_term_string}"},"query-input":{"@type":"PropertyValueSpecification","valueRequired":true,"valueName":"search_term_string"}}],"inLanguage":"de"}]}},"_links":{"self":[{"href":"https:\/\/bokkerijder.nl\/de\/wp-json\/wp\/v2\/pages\/434","targetHints":{"allow":["GET"]}}],"collection":[{"href":"https:\/\/bokkerijder.nl\/de\/wp-json\/wp\/v2\/pages"}],"about":[{"href":"https:\/\/bokkerijder.nl\/de\/wp-json\/wp\/v2\/types\/page"}],"author":[{"embeddable":true,"href":"https:\/\/bokkerijder.nl\/de\/wp-json\/wp\/v2\/users\/2"}],"replies":[{"embeddable":true,"href":"https:\/\/bokkerijder.nl\/de\/wp-json\/wp\/v2\/comments?post=434"}],"version-history":[{"count":2,"href":"https:\/\/bokkerijder.nl\/de\/wp-json\/wp\/v2\/pages\/434\/revisions"}],"predecessor-version":[{"id":440,"href":"https:\/\/bokkerijder.nl\/de\/wp-json\/wp\/v2\/pages\/434\/revisions\/440"}],"wp:attachment":[{"href":"https:\/\/bokkerijder.nl\/de\/wp-json\/wp\/v2\/media?parent=434"}],"curies":[{"name":"wp","href":"https:\/\/api.w.org\/{rel}","templated":true}]}}